{"id":19,"date":"2021-11-29T21:59:31","date_gmt":"2021-11-29T20:59:31","guid":{"rendered":"http:\/\/localhost\/fff\/?page_id=19"},"modified":"2023-09-20T11:51:35","modified_gmt":"2023-09-20T09:51:35","slug":"spenden","status":"publish","type":"page","link":"https:\/\/fff.nuertingen.org\/fff\/spenden\/","title":{"rendered":"Spenden"},"content":{"rendered":"\n<p>Deine Zeit, um mitzumachen bei Fridays for Future &#8211; das ist nat\u00fcrlich die wertvollste Spende.<br>Aber es braucht auch die eine oder andere Geldspende, damit wir in N\u00fcrtingen aktiv sein k\u00f6nnen. Wir legen wert darauf, dass wir hier in N\u00fcrtingen die Zukunft klimagerecht gestalten.<\/p>\n\n\n\n<p><strong><mark style=\"background-color:rgba(0, 0, 0, 0)\" class=\"has-inline-color has-ast-global-color-0-color\">\u00dcberweisungsempf\u00e4nger:<\/mark><\/strong> Jochen Braunm\u00fcller, IBAN DE37 6115 0020 0100 3997 07<br>(stellvertretend f\u00fcr das B\u00fcndnis Fridays for Future N\u00fcrtingen)<\/p>\n<button type=\"submit\" onclick=\"copyKonto()\">Kontodaten in Zwischenablage kopieren<\/button>\n<script>\nfunction copyKonto()\n{\n   copyToClp(\"Spendenkonto f\u00fcr das B\u00fcndnis Fridays for Future N\u00fcrtingen | \u00dcberweisungsempf\u00e4nger: Jochen Braunm\u00fcller | Kreissparkasse Esslingen-N\u00fcrtingen | IBAN: DE37 6115 0020 0100 3997 07\");\n}\nfunction copyToClp(txt){\n    txt = document.createTextNode(txt);\n    var m = document;\n    var w = window;\n    var b = m.body;\n    b.appendChild(txt);\n    if (b.createTextRange) {\n        var d = b.createTextRange();\n        d.moveToElementText(txt);\n        d.select();\n        m.execCommand('copy');\n    } else {\n        var d = m.createRange();\n        var g = w.getSelection;\n        d.selectNodeContents(txt);\n        g().removeAllRanges();\n        g().addRange(d);\n        m.execCommand('copy');\n        g().removeAllRanges();\n    }\n    txt.remove();\n} \n<\/script><\/p>\n\n\n\n<p>Wir k\u00f6nnen leider keine Spendenbescheinigung ausstellen, sind aber umso mehr auf Unterst\u00fctzung angewiesen.<\/p>\n\n\n\n<p>Wenn du uns als Empf\u00e4nger bekannt bist, melden wir uns nach Geldeingang gerne bei dir.<br>Ansonsten schreibe uns gerne noch eine Nachricht \u00fcber unser Kontaktformular, wenn deine Spende zu uns unterwegs ist.<\/p>\n","protected":false},"excerpt":{"rendered":"<p>Deine Zeit, um mitzumachen bei Fridays for Future &#8211; das ist nat\u00fcrlich die wertvollste Spende.Aber es braucht auch die eine oder andere Geldspende, damit wir in N\u00fcrtingen aktiv sein k\u00f6nnen. Wir legen wert darauf, dass wir hier in N\u00fcrtingen die Zukunft klimagerecht gestalten. \u00dcberweisungsempf\u00e4nger: Jochen Braunm\u00fcller, IBAN DE37 6115 0020 0100 3997 07(stellvertretend f\u00fcr das [&hellip;]<\/p>\n","protected":false},"author":1,"featured_media":0,"parent":0,"menu_order":0,"comment_status":"closed","ping_status":"closed","template":"","meta":{"site-sidebar-layout":"default","site-content-layout":"","ast-site-content-layout":"","site-content-style":"default","site-sidebar-style":"default","ast-global-header-display":"","ast-banner-title-visibility":"","ast-main-header-display":"","ast-hfb-above-header-display":"","ast-hfb-below-header-display":"","ast-hfb-mobile-header-display":"","site-post-title":"","ast-breadcrumbs-content":"","ast-featured-img":"","footer-sml-layout":"","theme-transparent-header-meta":"","adv-header-id-meta":"","stick-header-meta":"","header-above-stick-meta":"","header-main-stick-meta":"","header-below-stick-meta":"","astra-migrate-meta-layouts":"default","ast-page-background-enabled":"default","ast-page-background-meta":{"desktop":{"background-color":"var(--ast-global-color-4)","background-image":"","background-repeat":"repeat","background-position":"center center","background-size":"auto","background-attachment":"scroll","background-type":"","background-media":"","overlay-type":"","overlay-color":"","overlay-opacity":"","overlay-gradient":""},"tablet":{"background-color":"","background-image":"","background-repeat":"repeat","background-position":"center center","background-size":"auto","background-attachment":"scroll","background-type":"","background-media":"","overlay-type":"","overlay-color":"","overlay-opacity":"","overlay-gradient":""},"mobile":{"background-color":"","background-image":"","background-repeat":"repeat","background-position":"center center","background-size":"auto","background-attachment":"scroll","background-type":"","background-media":"","overlay-type":"","overlay-color":"","overlay-opacity":"","overlay-gradient":""}},"ast-content-background-meta":{"desktop":{"background-color":"var(--ast-global-color-5)","background-image":"","background-repeat":"repeat","background-position":"center center","background-size":"auto","background-attachment":"scroll","background-type":"","background-media":"","overlay-type":"","overlay-color":"","overlay-opacity":"","overlay-gradient":""},"tablet":{"background-color":"var(--ast-global-color-5)","background-image":"","background-repeat":"repeat","background-position":"center center","background-size":"auto","background-attachment":"scroll","background-type":"","background-media":"","overlay-type":"","overlay-color":"","overlay-opacity":"","overlay-gradient":""},"mobile":{"background-color":"var(--ast-global-color-5)","background-image":"","background-repeat":"repeat","background-position":"center center","background-size":"auto","background-attachment":"scroll","background-type":"","background-media":"","overlay-type":"","overlay-color":"","overlay-opacity":"","overlay-gradient":""}},"footnotes":""},"class_list":["post-19","page","type-page","status-publish","hentry"],"aioseo_notices":[],"_links":{"self":[{"href":"https:\/\/fff.nuertingen.org\/fff\/wp-json\/wp\/v2\/pages\/19","targetHints":{"allow":["GET"]}}],"collection":[{"href":"https:\/\/fff.nuertingen.org\/fff\/wp-json\/wp\/v2\/pages"}],"about":[{"href":"https:\/\/fff.nuertingen.org\/fff\/wp-json\/wp\/v2\/types\/page"}],"author":[{"embeddable":true,"href":"https:\/\/fff.nuertingen.org\/fff\/wp-json\/wp\/v2\/users\/1"}],"replies":[{"embeddable":true,"href":"https:\/\/fff.nuertingen.org\/fff\/wp-json\/wp\/v2\/comments?post=19"}],"version-history":[{"count":5,"href":"https:\/\/fff.nuertingen.org\/fff\/wp-json\/wp\/v2\/pages\/19\/revisions"}],"predecessor-version":[{"id":1459,"href":"https:\/\/fff.nuertingen.org\/fff\/wp-json\/wp\/v2\/pages\/19\/revisions\/1459"}],"wp:attachment":[{"href":"https:\/\/fff.nuertingen.org\/fff\/wp-json\/wp\/v2\/media?parent=19"}],"curies":[{"name":"wp","href":"https:\/\/api.w.org\/{rel}","templated":true}]}}