{"id":852,"date":"2022-04-20T19:59:27","date_gmt":"2022-04-20T17:59:27","guid":{"rendered":"http:\/\/localhost\/fff\/?page_id=852"},"modified":"2022-05-05T11:50:10","modified_gmt":"2022-05-05T09:50:10","slug":"wer-wir-sind-2","status":"publish","type":"page","link":"https:\/\/fff.nuertingen.org\/fff\/","title":{"rendered":"WIR SIND FRIDAYS FOR FUTURE N\u00dcRTINGEN"},"content":{"rendered":"\n<figure class=\"wp-block-image size-large\"><img loading=\"lazy\" decoding=\"async\" width=\"1024\" height=\"453\" src=\"https:\/\/fff.nuertingen.org\/fff\/wp-content\/uploads\/2022\/05\/1-2-1536x679-1-1024x453.jpg\" alt=\"\" class=\"wp-image-1165\" srcset=\"https:\/\/fff.nuertingen.org\/fff\/wp-content\/uploads\/2022\/05\/1-2-1536x679-1-1024x453.jpg 1024w, https:\/\/fff.nuertingen.org\/fff\/wp-content\/uploads\/2022\/05\/1-2-1536x679-1-300x133.jpg 300w, https:\/\/fff.nuertingen.org\/fff\/wp-content\/uploads\/2022\/05\/1-2-1536x679-1-768x340.jpg 768w, https:\/\/fff.nuertingen.org\/fff\/wp-content\/uploads\/2022\/05\/1-2-1536x679-1.jpg 1536w\" sizes=\"auto, (max-width: 1024px) 100vw, 1024px\" \/><\/figure>\n\n\n\n<p>Die Klimakrise ist eine reale Bedrohung f\u00fcr die menschliche Zivilisation \u2013 diese zu bew\u00e4ltigen ist die Hauptaufgabe des 21. Jahrhunderts. Wir fordern eine Politik, die dieser Aufgabe gerecht wird.<\/p>\n\n\n\n<p>Fridays for Future: Das sind alle, die f\u00fcr unser Klima auf die Stra\u00dfe gehen.<\/p>\n\n\n\n<p>Die Klimastreik-Bewegung ist international, \u00fcberparteilich, unabh\u00e4ngig und dezentral organisiert. Ver\u00e4nderung f\u00e4ngt im Kleinen an, deshalb fordern wir ein klimaneutrales N\u00fcrtingen bis 2030. <\/p>\n\n\n\n<p>Du hast auch Lust, in N\u00fcrtingen etwas zu ver\u00e4ndern? Dann komm zu unseren globalen Klimastreiks, unseren Aktionen und werde Teil des Organisations-Teams!<\/p>\n","protected":false},"excerpt":{"rendered":"<p>Die Klimakrise ist eine reale Bedrohung f\u00fcr die menschliche Zivilisation \u2013 diese zu bew\u00e4ltigen ist die Hauptaufgabe des 21. Jahrhunderts. Wir fordern eine Politik, die dieser Aufgabe gerecht wird. Fridays for Future: Das sind alle, die f\u00fcr unser Klima auf die Stra\u00dfe gehen. Die Klimastreik-Bewegung ist international, \u00fcberparteilich, unabh\u00e4ngig und dezentral organisiert. Ver\u00e4nderung f\u00e4ngt im [&hellip;]<\/p>\n","protected":false},"author":1,"featured_media":0,"parent":0,"menu_order":0,"comment_status":"closed","ping_status":"closed","template":"","meta":{"site-sidebar-layout":"default","site-content-layout":"","ast-site-content-layout":"","site-content-style":"default","site-sidebar-style":"default","ast-global-header-display":"","ast-banner-title-visibility":"","ast-main-header-display":"","ast-hfb-above-header-display":"","ast-hfb-below-header-display":"","ast-hfb-mobile-header-display":"","site-post-title":"","ast-breadcrumbs-content":"","ast-featured-img":"","footer-sml-layout":"","theme-transparent-header-meta":"","adv-header-id-meta":"","stick-header-meta":"","header-above-stick-meta":"","header-main-stick-meta":"","header-below-stick-meta":"","astra-migrate-meta-layouts":"default","ast-page-background-enabled":"default","ast-page-background-meta":{"desktop":{"background-color":"var(--ast-global-color-4)","background-image":"","background-repeat":"repeat","background-position":"center center","background-size":"auto","background-attachment":"scroll","background-type":"","background-media":"","overlay-type":"","overlay-color":"","overlay-opacity":"","overlay-gradient":""},"tablet":{"background-color":"","background-image":"","background-repeat":"repeat","background-position":"center center","background-size":"auto","background-attachment":"scroll","background-type":"","background-media":"","overlay-type":"","overlay-color":"","overlay-opacity":"","overlay-gradient":""},"mobile":{"background-color":"","background-image":"","background-repeat":"repeat","background-position":"center center","background-size":"auto","background-attachment":"scroll","background-type":"","background-media":"","overlay-type":"","overlay-color":"","overlay-opacity":"","overlay-gradient":""}},"ast-content-background-meta":{"desktop":{"background-color":"var(--ast-global-color-5)","background-image":"","background-repeat":"repeat","background-position":"center center","background-size":"auto","background-attachment":"scroll","background-type":"","background-media":"","overlay-type":"","overlay-color":"","overlay-opacity":"","overlay-gradient":""},"tablet":{"background-color":"var(--ast-global-color-5)","background-image":"","background-repeat":"repeat","background-position":"center center","background-size":"auto","background-attachment":"scroll","background-type":"","background-media":"","overlay-type":"","overlay-color":"","overlay-opacity":"","overlay-gradient":""},"mobile":{"background-color":"var(--ast-global-color-5)","background-image":"","background-repeat":"repeat","background-position":"center center","background-size":"auto","background-attachment":"scroll","background-type":"","background-media":"","overlay-type":"","overlay-color":"","overlay-opacity":"","overlay-gradient":""}},"footnotes":""},"class_list":["post-852","page","type-page","status-publish","hentry"],"aioseo_notices":[],"_links":{"self":[{"href":"https:\/\/fff.nuertingen.org\/fff\/wp-json\/wp\/v2\/pages\/852","targetHints":{"allow":["GET"]}}],"collection":[{"href":"https:\/\/fff.nuertingen.org\/fff\/wp-json\/wp\/v2\/pages"}],"about":[{"href":"https:\/\/fff.nuertingen.org\/fff\/wp-json\/wp\/v2\/types\/page"}],"author":[{"embeddable":true,"href":"https:\/\/fff.nuertingen.org\/fff\/wp-json\/wp\/v2\/users\/1"}],"replies":[{"embeddable":true,"href":"https:\/\/fff.nuertingen.org\/fff\/wp-json\/wp\/v2\/comments?post=852"}],"version-history":[{"count":11,"href":"https:\/\/fff.nuertingen.org\/fff\/wp-json\/wp\/v2\/pages\/852\/revisions"}],"predecessor-version":[{"id":1167,"href":"https:\/\/fff.nuertingen.org\/fff\/wp-json\/wp\/v2\/pages\/852\/revisions\/1167"}],"wp:attachment":[{"href":"https:\/\/fff.nuertingen.org\/fff\/wp-json\/wp\/v2\/media?parent=852"}],"curies":[{"name":"wp","href":"https:\/\/api.w.org\/{rel}","templated":true}]}}