{"id":889,"date":"2022-05-02T17:15:34","date_gmt":"2022-05-02T15:15:34","guid":{"rendered":"http:\/\/localhost\/fff\/?page_id=889"},"modified":"2022-06-13T11:17:39","modified_gmt":"2022-06-13T09:17:39","slug":"forderungen","status":"publish","type":"page","link":"https:\/\/fff.nuertingen.org\/fff\/forderungen\/","title":{"rendered":"Forderungen"},"content":{"rendered":"\n<h4 class=\"has-ast-global-color-8-color has-text-color wp-block-heading\">Unsere zehn Hauptforderungen:<\/h4>\n\n\n\n<ol class=\"wp-block-list\" style=\"font-size:16px\"><li><strong>Klimaneutralit\u00e4t bis 2030:<\/strong> durch verbindlichen Beschluss des Gemeinderats<\/li><li><strong>Energiewende:<\/strong> 60 Prozent Energie einsparen und den Rest durch erneuerbare Energien decken<\/li><li><strong>Klimaneutrale Mobilit\u00e4t:<\/strong> Fu\u00dfg\u00e4nger, Radfahrer und \u00d6PNV privilegieren &#8211; Innenstadt vom Autoverkehr befreien<\/li><li><strong>Klimarat einrichten:<\/strong> verbindliches Gremium, um Wissen von Politik, Verwaltung und B\u00fcrgerschaft zu verbinden<\/li><li><strong>Finanzielle Beteiligung:<\/strong> M\u00f6glichkeiten f\u00fcr N\u00fcrtinger B\u00fcrgerInnen schaffen sich an der Finanzierung der Energiewende zu beteiligen<\/li><li><strong>Mehr Gr\u00fcn in der Stadt und auf den D\u00e4chern:<\/strong> dadurch Lebensqualit\u00e4t in der Klimakrise erhalten<\/li><li><strong>Stadt der kurzen Wege:<\/strong> Wohnen und Arbeiten einander n\u00e4herbringen<\/li><li><strong>Fl\u00e4chenverbrauch bis 2030 stoppen:<\/strong> Nutzung vorhandener Siedlungsfl\u00e4chen optimieren, Wohnraum durch Sanierung und Wohnfl\u00e4chenmanagement zukunftstauglich und bezahlbar machen<\/li><li><strong>Klimaneutrale Land- und Forstwirtschaft:<\/strong> B\u00e4ume und B\u00f6den m\u00fcssen mehr Kohlendioxid aufnehmen k\u00f6nnen<\/li><li><strong>Artenschutz- und Klimaschutzma\u00dfnahmen verbinden:<\/strong> z.B. durch Freifl\u00e4chen-Solaranlagen mit Wiesenblumen darunter<\/li><\/ol>\n\n\n\n<h4 class=\"has-ast-global-color-8-color has-text-color wp-block-heading\">Hier kannst du dir die Langfassung herunterladen:<\/h4>\n\n\n\n<div data-wp-interactive=\"core\/file\" class=\"wp-block-file\"><object data-wp-bind--hidden=\"!state.hasPdfPreview\" hidden class=\"wp-block-file__embed\" data=\"https:\/\/fff.nuertingen.org\/fff\/wp-content\/uploads\/2022\/05\/Langfassung-Forderungen.pdf\" type=\"application\/pdf\" style=\"width:100%;height:600px\" aria-label=\"Einbettung von Einbettung von Langfassung Forderungen..\"><\/object><a id=\"wp-block-file--media-1531a161-568b-4772-90f6-6c327cc5cf24\" href=\"https:\/\/fff.nuertingen.org\/fff\/wp-content\/uploads\/2022\/05\/Langfassung-Forderungen.pdf\">Langfassung Forderungen<\/a><a href=\"https:\/\/fff.nuertingen.org\/fff\/wp-content\/uploads\/2022\/05\/Langfassung-Forderungen.pdf\" class=\"wp-block-file__button\" download aria-describedby=\"wp-block-file--media-1531a161-568b-4772-90f6-6c327cc5cf24\">Herunterladen<\/a><\/div>\n\n\n\n<p><\/p>\n","protected":false},"excerpt":{"rendered":"<p>Unsere zehn Hauptforderungen: Klimaneutralit\u00e4t bis 2030: durch verbindlichen Beschluss des Gemeinderats Energiewende: 60 Prozent Energie einsparen und den Rest durch erneuerbare Energien decken Klimaneutrale Mobilit\u00e4t: Fu\u00dfg\u00e4nger, Radfahrer und \u00d6PNV privilegieren &#8211; Innenstadt vom Autoverkehr befreien Klimarat einrichten: verbindliches Gremium, um Wissen von Politik, Verwaltung und B\u00fcrgerschaft zu verbinden Finanzielle Beteiligung: M\u00f6glichkeiten f\u00fcr N\u00fcrtinger B\u00fcrgerInnen schaffen [&hellip;]<\/p>\n","protected":false},"author":1,"featured_media":0,"parent":0,"menu_order":0,"comment_status":"closed","ping_status":"closed","template":"","meta":{"site-sidebar-layout":"default","site-content-layout":"","ast-site-content-layout":"","site-content-style":"default","site-sidebar-style":"default","ast-global-header-display":"","ast-banner-title-visibility":"","ast-main-header-display":"","ast-hfb-above-header-display":"","ast-hfb-below-header-display":"","ast-hfb-mobile-header-display":"","site-post-title":"","ast-breadcrumbs-content":"","ast-featured-img":"","footer-sml-layout":"","theme-transparent-header-meta":"","adv-header-id-meta":"","stick-header-meta":"","header-above-stick-meta":"","header-main-stick-meta":"","header-below-stick-meta":"","astra-migrate-meta-layouts":"default","ast-page-background-enabled":"default","ast-page-background-meta":{"desktop":{"background-color":"var(--ast-global-color-4)","background-image":"","background-repeat":"repeat","background-position":"center center","background-size":"auto","background-attachment":"scroll","background-type":"","background-media":"","overlay-type":"","overlay-color":"","overlay-opacity":"","overlay-gradient":""},"tablet":{"background-color":"","background-image":"","background-repeat":"repeat","background-position":"center center","background-size":"auto","background-attachment":"scroll","background-type":"","background-media":"","overlay-type":"","overlay-color":"","overlay-opacity":"","overlay-gradient":""},"mobile":{"background-color":"","background-image":"","background-repeat":"repeat","background-position":"center center","background-size":"auto","background-attachment":"scroll","background-type":"","background-media":"","overlay-type":"","overlay-color":"","overlay-opacity":"","overlay-gradient":""}},"ast-content-background-meta":{"desktop":{"background-color":"var(--ast-global-color-5)","background-image":"","background-repeat":"repeat","background-position":"center center","background-size":"auto","background-attachment":"scroll","background-type":"","background-media":"","overlay-type":"","overlay-color":"","overlay-opacity":"","overlay-gradient":""},"tablet":{"background-color":"var(--ast-global-color-5)","background-image":"","background-repeat":"repeat","background-position":"center center","background-size":"auto","background-attachment":"scroll","background-type":"","background-media":"","overlay-type":"","overlay-color":"","overlay-opacity":"","overlay-gradient":""},"mobile":{"background-color":"var(--ast-global-color-5)","background-image":"","background-repeat":"repeat","background-position":"center center","background-size":"auto","background-attachment":"scroll","background-type":"","background-media":"","overlay-type":"","overlay-color":"","overlay-opacity":"","overlay-gradient":""}},"footnotes":""},"class_list":["post-889","page","type-page","status-publish","hentry"],"aioseo_notices":[],"_links":{"self":[{"href":"https:\/\/fff.nuertingen.org\/fff\/wp-json\/wp\/v2\/pages\/889","targetHints":{"allow":["GET"]}}],"collection":[{"href":"https:\/\/fff.nuertingen.org\/fff\/wp-json\/wp\/v2\/pages"}],"about":[{"href":"https:\/\/fff.nuertingen.org\/fff\/wp-json\/wp\/v2\/types\/page"}],"author":[{"embeddable":true,"href":"https:\/\/fff.nuertingen.org\/fff\/wp-json\/wp\/v2\/users\/1"}],"replies":[{"embeddable":true,"href":"https:\/\/fff.nuertingen.org\/fff\/wp-json\/wp\/v2\/comments?post=889"}],"version-history":[{"count":18,"href":"https:\/\/fff.nuertingen.org\/fff\/wp-json\/wp\/v2\/pages\/889\/revisions"}],"predecessor-version":[{"id":1253,"href":"https:\/\/fff.nuertingen.org\/fff\/wp-json\/wp\/v2\/pages\/889\/revisions\/1253"}],"wp:attachment":[{"href":"https:\/\/fff.nuertingen.org\/fff\/wp-json\/wp\/v2\/media?parent=889"}],"curies":[{"name":"wp","href":"https:\/\/api.w.org\/{rel}","templated":true}]}}